{"id":10744,"date":"2025-12-11T15:19:55","date_gmt":"2025-12-11T14:19:55","guid":{"rendered":"https:\/\/www.clap-partners.com\/?page_id=10744"},"modified":"2025-12-11T15:20:49","modified_gmt":"2025-12-11T14:20:49","slug":"formulaire-webinaire-clap4gen-la-generation-documentaire-depuis-successfactors","status":"publish","type":"page","link":"https:\/\/www.clap-partners.com\/en\/formulaire-webinaire-clap4gen-la-generation-documentaire-depuis-successfactors\/","title":{"rendered":"Webinar form - Clap4Gen: Document generation from SuccessFactors"},"content":{"rendered":"<div data-elementor-type=\"wp-page\" data-elementor-id=\"10744\" class=\"elementor elementor-10744\" data-elementor-post-type=\"page\">\n\t\t\t\t\t\t<section class=\"elementor-section elementor-top-section elementor-element elementor-element-59cc558 elementor-section-boxed elementor-section-height-default elementor-section-height-default\" data-id=\"59cc558\" data-element_type=\"section\">\n\t\t\t\t\t\t<div class=\"elementor-container elementor-column-gap-default\">\n\t\t\t\t\t<div class=\"elementor-column elementor-col-100 elementor-top-column elementor-element elementor-element-a8f016d\" data-id=\"a8f016d\" data-element_type=\"column\">\n\t\t\t<div class=\"elementor-widget-wrap elementor-element-populated\">\n\t\t\t\t\t\t<div class=\"elementor-element elementor-element-c61bd7d elementor-widget elementor-widget-spacer\" data-id=\"c61bd7d\" data-element_type=\"widget\" data-widget_type=\"spacer.default\">\n\t\t\t\t<div class=\"elementor-widget-container\">\n\t\t\t\t\t\t\t<div class=\"elementor-spacer\">\n\t\t\t<div class=\"elementor-spacer-inner\"><\/div>\n\t\t<\/div>\n\t\t\t\t\t\t<\/div>\n\t\t\t\t<\/div>\n\t\t\t\t\t<\/div>\n\t\t<\/div>\n\t\t\t\t\t<\/div>\n\t\t<\/section>\n\t\t\t\t<section class=\"elementor-section elementor-top-section elementor-element elementor-element-f368eac elementor-section-full_width elementor-section-height-default elementor-section-height-default\" data-id=\"f368eac\" data-element_type=\"section\">\n\t\t\t\t\t\t<div class=\"elementor-container elementor-column-gap-default\">\n\t\t\t\t\t<div class=\"elementor-column elementor-col-33 elementor-top-column elementor-element elementor-element-42274bf\" data-id=\"42274bf\" data-element_type=\"column\">\n\t\t\t<div class=\"elementor-widget-wrap elementor-element-populated\">\n\t\t\t\t\t\t<div class=\"elementor-element elementor-element-bbd4eeb elementor-widget__width-initial elementor-widget-tablet__width-initial elementor-widget-mobile__width-initial elementor-widget elementor-widget-image\" data-id=\"bbd4eeb\" data-element_type=\"widget\" data-widget_type=\"image.default\">\n\t\t\t\t<div class=\"elementor-widget-container\">\n\t\t\t\t\t\t\t\t\t\t\t\t\t\t\t<img fetchpriority=\"high\" decoding=\"async\" width=\"1701\" height=\"870\" src=\"https:\/\/www.clap-partners.com\/wp-content\/uploads\/2025\/12\/formulaire-webinaire-clap4gen.png\" class=\"attachment-full size-full wp-image-10746\" alt=\"\" srcset=\"https:\/\/www.clap-partners.com\/wp-content\/uploads\/2025\/12\/formulaire-webinaire-clap4gen.png 1701w, https:\/\/www.clap-partners.com\/wp-content\/uploads\/2025\/12\/formulaire-webinaire-clap4gen-300x153.png 300w, https:\/\/www.clap-partners.com\/wp-content\/uploads\/2025\/12\/formulaire-webinaire-clap4gen-1024x524.png 1024w, https:\/\/www.clap-partners.com\/wp-content\/uploads\/2025\/12\/formulaire-webinaire-clap4gen-768x393.png 768w, https:\/\/www.clap-partners.com\/wp-content\/uploads\/2025\/12\/formulaire-webinaire-clap4gen-1536x786.png 1536w, https:\/\/www.clap-partners.com\/wp-content\/uploads\/2025\/12\/formulaire-webinaire-clap4gen-18x9.png 18w\" sizes=\"(max-width: 1701px) 100vw, 1701px\" \/>\t\t\t\t\t\t\t\t\t\t\t\t\t\t\t<\/div>\n\t\t\t\t<\/div>\n\t\t\t\t<div class=\"elementor-element elementor-element-0b0b206 elementor-widget elementor-widget-spacer\" data-id=\"0b0b206\" data-element_type=\"widget\" data-widget_type=\"spacer.default\">\n\t\t\t\t<div class=\"elementor-widget-container\">\n\t\t\t\t\t\t\t<div class=\"elementor-spacer\">\n\t\t\t<div class=\"elementor-spacer-inner\"><\/div>\n\t\t<\/div>\n\t\t\t\t\t\t<\/div>\n\t\t\t\t<\/div>\n\t\t\t\t<div class=\"elementor-element elementor-element-8e18b08 elementor-widget elementor-widget-heading\" data-id=\"8e18b08\" data-element_type=\"widget\" data-widget_type=\"heading.default\">\n\t\t\t\t<div class=\"elementor-widget-container\">\n\t\t\t\t\t<h2 class=\"elementor-heading-title elementor-size-default\">Clap4Gen | Document generation from SuccessFactors<\/h2>\t\t\t\t<\/div>\n\t\t\t\t<\/div>\n\t\t\t\t<div class=\"elementor-element elementor-element-0114f36 elementor-widget elementor-widget-text-editor\" data-id=\"0114f36\" data-element_type=\"widget\" data-widget_type=\"text-editor.default\">\n\t\t\t\t<div class=\"elementor-widget-container\">\n\t\t\t\t\t\t\t\t\t<p class=\"cvGsUA direction-ltr align-start para-style-body\"><span class=\"OYPEnA font-feature-liga-off font-feature-clig-off font-feature-calt-off text-decoration-none text-strikethrough-none\">Program:<\/span><\/p><ul><li>Introduction &amp; Background: challenges and strategic vision<\/li><li>Clap4Gen: architecture and differentiation<\/li><li>Live demonstration: from generation to electronic signature<\/li><li>Focus on innovations: mass generation, archiving and self-service<\/li><\/ul><p><span style=\"color: #ff0000;\"><em>*Webinar in french\u00a0<\/em><\/span><\/p><p class=\"cvGsUA direction-ltr align-start para-style-body\">\u00a0<\/p>\t\t\t\t\t\t\t\t<\/div>\n\t\t\t\t<\/div>\n\t\t\t\t\t<\/div>\n\t\t<\/div>\n\t\t\t\t<div class=\"elementor-column elementor-col-66 elementor-top-column elementor-element elementor-element-657d455\" data-id=\"657d455\" data-element_type=\"column\">\n\t\t\t<div class=\"elementor-widget-wrap elementor-element-populated\">\n\t\t\t\t\t\t<div class=\"elementor-element elementor-element-bb380bc elementor-widget-tablet__width-initial elementor-widget elementor-widget-html\" data-id=\"bb380bc\" data-element_type=\"widget\" data-widget_type=\"html.default\">\n\t\t\t\t<div class=\"elementor-widget-container\">\n\t\t\t\t\t<!DOCTYPE html>\r\n<html lang=\"fr\">\r\n<head>\r\n  <meta charset=\"UTF-8\">\r\n  <meta name=\"viewport\" content=\"width=device-width, initial-scale=1.0\">\r\n  <title>Iframe Webinaire<\/title>\r\n  <style>\r\n    body {\r\n      margin: 0;\r\n      padding: 0;\r\n      background-color: #f8f8f8;\r\n      font-family: Arial, sans-serif;\r\n    }\r\n\r\n    .form-container {\r\n      margin: 0px auto;\r\n      background: white;\r\n      padding: 20px;\r\n      border-radius: 25px;\r\n      box-shadow: 0px 0px 10px rgba(0, 0, 0, 0.1);\r\n      width: 70%;\r\n      max-width: 100%;\r\n    }\r\n\r\n    iframe {\r\n      width: 100%;\r\n      height: 600px;\r\n      border: none;\r\n    }\r\n\r\n    @media (max-width: 480px) {\r\n      .form-container {\r\n        padding: 15px;\r\n        width: 90%;\r\n      }\r\n\r\n      iframe {\r\n        height: 500px;\r\n      }\r\n    }\r\n  <\/style>\r\n<\/head>\r\n<body>\r\n  <div class=\"form-container\">\r\n    <div id=\"zf_div_form\"><\/div>\r\n    <script type=\"text\/javascript\">\r\n      (function() {\r\n        try {\r\n          var currentUrl = new URL(window.location.href);\r\n          var webinaireValue = currentUrl.searchParams.get('webinaire') || 'defaultWebinaire';\r\n          var titleValue = currentUrl.searchParams.get('title') || 'defaultTitle';\r\n\r\n          var iframeUrl = 'https:\/\/forms.zohopublic.eu\/clappartner\/form\/Webinaire2\/formperma\/fiEnPIpEU3wqT3rmSMTdzpfaXDYVEdmJ-hlm6qR1lao?zf_rszfm=1';\r\n          iframeUrl += '&webinaire=' + encodeURIComponent(webinaireValue);\r\n          iframeUrl += '&title=' + encodeURIComponent(titleValue);\r\n\r\n          var f = document.createElement(\"iframe\");\r\n          f.src = iframeUrl;\r\n          f.setAttribute(\"aria-label\", 'Contactez-nous !');\r\n          f.style.border = \"none\";\r\n          f.style.height = \"600px\";\r\n          f.style.width = \"100%\";\r\n\r\n          document.getElementById(\"zf_div_form\").appendChild(f);\r\n        } catch (e) {\r\n          console.error('Erreur lors du chargement de l\\'iframe:', e);\r\n        }\r\n      })();\r\n    <\/script>\r\n  <\/div>\r\n<\/body>\r\n<\/html>\r\n\t\t\t\t<\/div>\n\t\t\t\t<\/div>\n\t\t\t\t\t<\/div>\n\t\t<\/div>\n\t\t\t\t\t<\/div>\n\t\t<\/section>\n\t\t\t\t<section class=\"elementor-section elementor-top-section elementor-element elementor-element-c67a0e1 elementor-section-boxed elementor-section-height-default elementor-section-height-default\" data-id=\"c67a0e1\" data-element_type=\"section\">\n\t\t\t\t\t\t<div class=\"elementor-container elementor-column-gap-default\">\n\t\t\t\t\t<div class=\"elementor-column elementor-col-100 elementor-top-column elementor-element elementor-element-42e5aa5\" data-id=\"42e5aa5\" data-element_type=\"column\">\n\t\t\t<div class=\"elementor-widget-wrap elementor-element-populated\">\n\t\t\t\t\t\t<div class=\"elementor-element elementor-element-9b1f5a0 elementor-widget elementor-widget-spacer\" data-id=\"9b1f5a0\" data-element_type=\"widget\" data-widget_type=\"spacer.default\">\n\t\t\t\t<div class=\"elementor-widget-container\">\n\t\t\t\t\t\t\t<div class=\"elementor-spacer\">\n\t\t\t<div class=\"elementor-spacer-inner\"><\/div>\n\t\t<\/div>\n\t\t\t\t\t\t<\/div>\n\t\t\t\t<\/div>\n\t\t\t\t\t<\/div>\n\t\t<\/div>\n\t\t\t\t\t<\/div>\n\t\t<\/section>\n\t\t\t\t<section class=\"elementor-section elementor-top-section elementor-element elementor-element-c5a4992 elementor-section-boxed elementor-section-height-default elementor-section-height-default\" data-id=\"c5a4992\" data-element_type=\"section\">\n\t\t\t\t\t\t<div class=\"elementor-container elementor-column-gap-default\">\n\t\t\t\t\t<div class=\"elementor-column elementor-col-100 elementor-top-column elementor-element elementor-element-9d310c0\" data-id=\"9d310c0\" data-element_type=\"column\">\n\t\t\t<div class=\"elementor-widget-wrap\">\n\t\t\t\t\t\t\t<\/div>\n\t\t<\/div>\n\t\t\t\t\t<\/div>\n\t\t<\/section>\n\t\t\t\t<section class=\"elementor-section elementor-top-section elementor-element elementor-element-2ebc0b3 elementor-section-content-middle elementor-section-stretched elementor-section-boxed elementor-section-height-default elementor-section-height-default\" data-id=\"2ebc0b3\" data-element_type=\"section\" data-settings=\"{&quot;background_background&quot;:&quot;classic&quot;,&quot;stretch_section&quot;:&quot;section-stretched&quot;}\">\n\t\t\t\t\t\t\t<div class=\"elementor-background-overlay\"><\/div>\n\t\t\t\t\t\t\t<div class=\"elementor-container elementor-column-gap-default\">\n\t\t\t\t\t<div class=\"elementor-column elementor-col-100 elementor-top-column elementor-element elementor-element-60991ac\" data-id=\"60991ac\" data-element_type=\"column\">\n\t\t\t<div class=\"elementor-widget-wrap elementor-element-populated\">\n\t\t\t\t\t\t<div class=\"elementor-element elementor-element-d98f672 elementor-invisible elementor-widget elementor-widget-heading\" data-id=\"d98f672\" data-element_type=\"widget\" data-settings=\"{&quot;_animation&quot;:&quot;fadeInDown&quot;}\" data-widget_type=\"heading.default\">\n\t\t\t\t<div class=\"elementor-widget-container\">\n\t\t\t\t\t<h2 class=\"elementor-heading-title elementor-size-default\">Find out more<\/h2>\t\t\t\t<\/div>\n\t\t\t\t<\/div>\n\t\t\t\t<div class=\"elementor-element elementor-element-b40e3a1 elementor-invisible elementor-widget elementor-widget-heading\" data-id=\"b40e3a1\" data-element_type=\"widget\" data-settings=\"{&quot;_animation&quot;:&quot;fadeInDown&quot;}\" data-widget_type=\"heading.default\">\n\t\t\t\t<div class=\"elementor-widget-container\">\n\t\t\t\t\t<h2 class=\"elementor-heading-title elementor-size-default\">clap partners<\/h2>\t\t\t\t<\/div>\n\t\t\t\t<\/div>\n\t\t\t\t<div class=\"elementor-element elementor-element-722c903 elementor-widget elementor-widget-text-editor\" data-id=\"722c903\" data-element_type=\"widget\" data-widget_type=\"text-editor.default\">\n\t\t\t\t<div class=\"elementor-widget-container\">\n\t\t\t\t\t\t\t\t\t<p>Get in touch with our experts now!<\/p>\t\t\t\t\t\t\t\t<\/div>\n\t\t\t\t<\/div>\n\t\t\t\t<div class=\"elementor-element elementor-element-10b871a elementor-widget-tablet__width-initial elementor-widget elementor-widget-html\" data-id=\"10b871a\" data-element_type=\"widget\" data-widget_type=\"html.default\">\n\t\t\t\t<div class=\"elementor-widget-container\">\n\t\t\t\t\t<!DOCTYPE html>\r\n<html lang=\"fr\">\r\n<head>\r\n  <meta charset=\"UTF-8\">\r\n  <title>Bouton Cliquez ici <\/title>\r\n  <meta name=\"viewport\" content=\"width=device-width, initial-scale=1\">\r\n  <link rel=\"stylesheet\" href=\"style.css\">\r\n<\/head>\r\n<body>\r\n\r\n  <div class=\"button-container\">\r\n    <a href=\"https:\/\/www.clap-partners.com\/en\/formulaire-contact-clap-partners\/\"\r\n       class=\"button-pure\"\r\n       rel=\"noopener noreferrer\">\r\n     Click Here\r\n    <\/a>\r\n  <\/div>\r\n\r\n<\/body>\r\n<\/html>\r\n\r\n\t\t\t\t<\/div>\n\t\t\t\t<\/div>\n\t\t\t\t\t<\/div>\n\t\t<\/div>\n\t\t\t\t\t<\/div>\n\t\t<\/section>\n\t\t\t\t<\/div>","protected":false},"excerpt":{"rendered":"<p>Clap4Gen | La g\u00e9n\u00e9ration documentaire depuis SuccessFactors Au programme : Introduction &amp; Contexte : enjeux et vision strat\u00e9gique Pr\u00e9sentation de Clap4Gen : architecture et diff\u00e9renciation D\u00e9monstration live : de la g\u00e9n\u00e9ration \u00e0 la signature \u00e9lectronique Focus innovations : g\u00e9n\u00e9ration en masse, archivage et self-service *Webinaire en fran\u00e7ais\u00a0 \u00a0 Iframe Webinaire En savoir plus clap partners [&hellip;]<\/p>","protected":false},"author":4,"featured_media":0,"parent":0,"menu_order":0,"comment_status":"closed","ping_status":"closed","template":"","meta":{"footnotes":""},"class_list":["post-10744","page","type-page","status-publish","hentry"],"jetpack_sharing_enabled":true,"_links":{"self":[{"href":"https:\/\/www.clap-partners.com\/en\/wp-json\/wp\/v2\/pages\/10744","targetHints":{"allow":["GET"]}}],"collection":[{"href":"https:\/\/www.clap-partners.com\/en\/wp-json\/wp\/v2\/pages"}],"about":[{"href":"https:\/\/www.clap-partners.com\/en\/wp-json\/wp\/v2\/types\/page"}],"author":[{"embeddable":true,"href":"https:\/\/www.clap-partners.com\/en\/wp-json\/wp\/v2\/users\/4"}],"replies":[{"embeddable":true,"href":"https:\/\/www.clap-partners.com\/en\/wp-json\/wp\/v2\/comments?post=10744"}],"version-history":[{"count":7,"href":"https:\/\/www.clap-partners.com\/en\/wp-json\/wp\/v2\/pages\/10744\/revisions"}],"predecessor-version":[{"id":10753,"href":"https:\/\/www.clap-partners.com\/en\/wp-json\/wp\/v2\/pages\/10744\/revisions\/10753"}],"wp:attachment":[{"href":"https:\/\/www.clap-partners.com\/en\/wp-json\/wp\/v2\/media?parent=10744"}],"curies":[{"name":"wp","href":"https:\/\/api.w.org\/{rel}","templated":true}]}}