{"id":10813,"date":"2026-01-29T15:54:58","date_gmt":"2026-01-29T14:54:58","guid":{"rendered":"https:\/\/www.clap-partners.com\/?page_id=10813"},"modified":"2026-01-29T15:57:10","modified_gmt":"2026-01-29T14:57:10","slug":"formulaire-webinaire-industrialiser-vos-reportings-rh-de-la-donnee-brute-au-pilotage","status":"publish","type":"page","link":"https:\/\/www.clap-partners.com\/en\/formulaire-webinaire-industrialiser-vos-reportings-rh-de-la-donnee-brute-au-pilotage\/","title":{"rendered":"Webinar form - Industrialize your HR reporting: from raw data to steering"},"content":{"rendered":"<div data-elementor-type=\"wp-page\" data-elementor-id=\"10813\" class=\"elementor elementor-10813\" data-elementor-post-type=\"page\">\n\t\t\t\t\t\t<section class=\"elementor-section elementor-top-section elementor-element elementor-element-59cc558 elementor-section-boxed elementor-section-height-default elementor-section-height-default\" data-id=\"59cc558\" data-element_type=\"section\">\n\t\t\t\t\t\t<div class=\"elementor-container elementor-column-gap-default\">\n\t\t\t\t\t<div class=\"elementor-column elementor-col-100 elementor-top-column elementor-element elementor-element-a8f016d\" data-id=\"a8f016d\" data-element_type=\"column\">\n\t\t\t<div class=\"elementor-widget-wrap elementor-element-populated\">\n\t\t\t\t\t\t<div class=\"elementor-element elementor-element-c61bd7d elementor-widget elementor-widget-spacer\" data-id=\"c61bd7d\" data-element_type=\"widget\" data-widget_type=\"spacer.default\">\n\t\t\t\t<div class=\"elementor-widget-container\">\n\t\t\t\t\t\t\t<div class=\"elementor-spacer\">\n\t\t\t<div class=\"elementor-spacer-inner\"><\/div>\n\t\t<\/div>\n\t\t\t\t\t\t<\/div>\n\t\t\t\t<\/div>\n\t\t\t\t\t<\/div>\n\t\t<\/div>\n\t\t\t\t\t<\/div>\n\t\t<\/section>\n\t\t\t\t<section class=\"elementor-section elementor-top-section elementor-element elementor-element-f368eac elementor-section-full_width elementor-section-height-default elementor-section-height-default\" data-id=\"f368eac\" data-element_type=\"section\">\n\t\t\t\t\t\t<div class=\"elementor-container elementor-column-gap-default\">\n\t\t\t\t\t<div class=\"elementor-column elementor-col-33 elementor-top-column elementor-element elementor-element-42274bf\" data-id=\"42274bf\" data-element_type=\"column\">\n\t\t\t<div class=\"elementor-widget-wrap elementor-element-populated\">\n\t\t\t\t\t\t<div class=\"elementor-element elementor-element-bbd4eeb elementor-widget__width-initial elementor-widget-tablet__width-initial elementor-widget-mobile__width-initial elementor-widget elementor-widget-image\" data-id=\"bbd4eeb\" data-element_type=\"widget\" data-widget_type=\"image.default\">\n\t\t\t\t<div class=\"elementor-widget-container\">\n\t\t\t\t\t\t\t\t\t\t\t\t\t\t\t<img fetchpriority=\"high\" decoding=\"async\" width=\"768\" height=\"393\" src=\"https:\/\/www.clap-partners.com\/wp-content\/uploads\/2026\/01\/miniatures-yotube-2-e1769698583452-768x393.png\" class=\"attachment-medium_large size-medium_large wp-image-10815\" alt=\"\" srcset=\"https:\/\/www.clap-partners.com\/wp-content\/uploads\/2026\/01\/miniatures-yotube-2-e1769698583452-768x393.png 768w, https:\/\/www.clap-partners.com\/wp-content\/uploads\/2026\/01\/miniatures-yotube-2-e1769698583452-300x153.png 300w, https:\/\/www.clap-partners.com\/wp-content\/uploads\/2026\/01\/miniatures-yotube-2-e1769698583452-1024x523.png 1024w, https:\/\/www.clap-partners.com\/wp-content\/uploads\/2026\/01\/miniatures-yotube-2-e1769698583452-1536x785.png 1536w, https:\/\/www.clap-partners.com\/wp-content\/uploads\/2026\/01\/miniatures-yotube-2-e1769698583452-18x9.png 18w, https:\/\/www.clap-partners.com\/wp-content\/uploads\/2026\/01\/miniatures-yotube-2-e1769698583452.png 1710w\" sizes=\"(max-width: 768px) 100vw, 768px\" \/>\t\t\t\t\t\t\t\t\t\t\t\t\t\t\t<\/div>\n\t\t\t\t<\/div>\n\t\t\t\t<div class=\"elementor-element elementor-element-0b0b206 elementor-widget elementor-widget-spacer\" data-id=\"0b0b206\" data-element_type=\"widget\" data-widget_type=\"spacer.default\">\n\t\t\t\t<div class=\"elementor-widget-container\">\n\t\t\t\t\t\t\t<div class=\"elementor-spacer\">\n\t\t\t<div class=\"elementor-spacer-inner\"><\/div>\n\t\t<\/div>\n\t\t\t\t\t\t<\/div>\n\t\t\t\t<\/div>\n\t\t\t\t<div class=\"elementor-element elementor-element-8e18b08 elementor-widget elementor-widget-heading\" data-id=\"8e18b08\" data-element_type=\"widget\" data-widget_type=\"heading.default\">\n\t\t\t\t<div class=\"elementor-widget-container\">\n\t\t\t\t\t<h2 class=\"elementor-heading-title elementor-size-default\">Industrialize your HR reporting: from raw data to strategic management<\/h2>\t\t\t\t<\/div>\n\t\t\t\t<\/div>\n\t\t\t\t<div class=\"elementor-element elementor-element-0114f36 elementor-widget elementor-widget-text-editor\" data-id=\"0114f36\" data-element_type=\"widget\" data-widget_type=\"text-editor.default\">\n\t\t\t\t<div class=\"elementor-widget-container\">\n\t\t\t\t\t\t\t\t\t<p class=\"cvGsUA direction-ltr align-justify para-style-body\"><span class=\"OYPEnA font-feature-liga-off font-feature-clig-off font-feature-calt-off text-decoration-none text-strikethrough-none\">Program:<\/span><\/p><p>- Why your current reporting systems quickly reach their limits<br \/>- How to move from SuccessFactors raw data to strategic management<br \/>- How a consolidated HR data platform works with Microsoft PowerBI and Microsoft Fabric<br \/>- Visualize a concrete use case<\/p><p><em><span style=\"color: #ff0000;\">*Webinar in french\u00a0<\/span><\/em><\/p>\t\t\t\t\t\t\t\t<\/div>\n\t\t\t\t<\/div>\n\t\t\t\t\t<\/div>\n\t\t<\/div>\n\t\t\t\t<div class=\"elementor-column elementor-col-66 elementor-top-column elementor-element elementor-element-657d455\" data-id=\"657d455\" data-element_type=\"column\">\n\t\t\t<div class=\"elementor-widget-wrap elementor-element-populated\">\n\t\t\t\t\t\t<div class=\"elementor-element elementor-element-bb380bc elementor-widget elementor-widget-html\" data-id=\"bb380bc\" data-element_type=\"widget\" data-widget_type=\"html.default\">\n\t\t\t\t<div class=\"elementor-widget-container\">\n\t\t\t\t\t<!DOCTYPE html>\r\n<html lang=\"fr\">\r\n<head>\r\n  <meta charset=\"UTF-8\">\r\n  <meta name=\"viewport\" content=\"width=device-width, initial-scale=1.0\">\r\n  <title>Iframe Webinaire<\/title>\r\n  <style>\r\n    body {\r\n      margin: 0;\r\n      padding: 0;\r\n      background-color: #f8f8f8;\r\n      font-family: Arial, sans-serif;\r\n    }\r\n\r\n    .form-container {\r\n      margin: 0px auto;\r\n      background: white;\r\n      padding: 20px;\r\n      border-radius: 25px;\r\n      box-shadow: 0px 0px 10px rgba(0, 0, 0, 0.1);\r\n      width: 70%;\r\n      max-width: 100%;\r\n    }\r\n\r\n    iframe {\r\n      width: 100%;\r\n      height: 600px;\r\n      border: none;\r\n    }\r\n\r\n    @media (max-width: 480px) {\r\n      .form-container {\r\n        padding: 15px;\r\n        width: 90%;\r\n      }\r\n\r\n      iframe {\r\n        height: 500px;\r\n      }\r\n    }\r\n  <\/style>\r\n<\/head>\r\n<body>\r\n  <div class=\"form-container\">\r\n    <div id=\"zf_div_form\"><\/div>\r\n    <script type=\"text\/javascript\">\r\n      (function() {\r\n        try {\r\n          var currentUrl = new URL(window.location.href);\r\n          var webinaireValue = currentUrl.searchParams.get('webinaire') || 'defaultWebinaire';\r\n          var titleValue = currentUrl.searchParams.get('title') || 'defaultTitle';\r\n\r\n          var iframeUrl = 'https:\/\/forms.zohopublic.eu\/clappartner\/form\/Webinaire2\/formperma\/fiEnPIpEU3wqT3rmSMTdzpfaXDYVEdmJ-hlm6qR1lao?zf_rszfm=1';\r\n          iframeUrl += '&webinaire=' + encodeURIComponent(webinaireValue);\r\n          iframeUrl += '&title=' + encodeURIComponent(titleValue);\r\n\r\n          var f = document.createElement(\"iframe\");\r\n          f.src = iframeUrl;\r\n          f.setAttribute(\"aria-label\", 'Contactez-nous !');\r\n          f.style.border = \"none\";\r\n          f.style.height = \"600px\";\r\n          f.style.width = \"100%\";\r\n\r\n          document.getElementById(\"zf_div_form\").appendChild(f);\r\n        } catch (e) {\r\n          console.error('Erreur lors du chargement de l\\'iframe:', e);\r\n        }\r\n      })();\r\n    <\/script>\r\n  <\/div>\r\n<\/body>\r\n<\/html>\r\n\t\t\t\t<\/div>\n\t\t\t\t<\/div>\n\t\t\t\t\t<\/div>\n\t\t<\/div>\n\t\t\t\t\t<\/div>\n\t\t<\/section>\n\t\t\t\t<section class=\"elementor-section elementor-top-section elementor-element elementor-element-c67a0e1 elementor-section-boxed elementor-section-height-default elementor-section-height-default\" data-id=\"c67a0e1\" data-element_type=\"section\">\n\t\t\t\t\t\t<div class=\"elementor-container elementor-column-gap-default\">\n\t\t\t\t\t<div class=\"elementor-column elementor-col-100 elementor-top-column elementor-element elementor-element-42e5aa5\" data-id=\"42e5aa5\" data-element_type=\"column\">\n\t\t\t<div class=\"elementor-widget-wrap elementor-element-populated\">\n\t\t\t\t\t\t<div class=\"elementor-element elementor-element-9b1f5a0 elementor-widget elementor-widget-spacer\" data-id=\"9b1f5a0\" data-element_type=\"widget\" data-widget_type=\"spacer.default\">\n\t\t\t\t<div class=\"elementor-widget-container\">\n\t\t\t\t\t\t\t<div class=\"elementor-spacer\">\n\t\t\t<div class=\"elementor-spacer-inner\"><\/div>\n\t\t<\/div>\n\t\t\t\t\t\t<\/div>\n\t\t\t\t<\/div>\n\t\t\t\t\t<\/div>\n\t\t<\/div>\n\t\t\t\t\t<\/div>\n\t\t<\/section>\n\t\t\t\t<section class=\"elementor-section elementor-top-section elementor-element elementor-element-d9f6ba6 elementor-section-content-middle elementor-section-stretched elementor-section-boxed elementor-section-height-default elementor-section-height-default\" data-id=\"d9f6ba6\" data-element_type=\"section\" data-settings=\"{&quot;background_background&quot;:&quot;classic&quot;,&quot;stretch_section&quot;:&quot;section-stretched&quot;}\">\n\t\t\t\t\t\t\t<div class=\"elementor-background-overlay\"><\/div>\n\t\t\t\t\t\t\t<div class=\"elementor-container elementor-column-gap-default\">\n\t\t\t\t\t<div class=\"elementor-column elementor-col-100 elementor-top-column elementor-element elementor-element-36c50d6\" data-id=\"36c50d6\" data-element_type=\"column\">\n\t\t\t<div class=\"elementor-widget-wrap elementor-element-populated\">\n\t\t\t\t\t\t<div class=\"elementor-element elementor-element-0221bfd elementor-invisible elementor-widget elementor-widget-heading\" data-id=\"0221bfd\" data-element_type=\"widget\" data-settings=\"{&quot;_animation&quot;:&quot;fadeInDown&quot;}\" data-widget_type=\"heading.default\">\n\t\t\t\t<div class=\"elementor-widget-container\">\n\t\t\t\t\t<h2 class=\"elementor-heading-title elementor-size-default\">Find out more<\/h2>\t\t\t\t<\/div>\n\t\t\t\t<\/div>\n\t\t\t\t<div class=\"elementor-element elementor-element-f05f5f8 elementor-invisible elementor-widget elementor-widget-heading\" data-id=\"f05f5f8\" data-element_type=\"widget\" data-settings=\"{&quot;_animation&quot;:&quot;fadeInDown&quot;}\" data-widget_type=\"heading.default\">\n\t\t\t\t<div class=\"elementor-widget-container\">\n\t\t\t\t\t<h2 class=\"elementor-heading-title elementor-size-default\">clap partners<\/h2>\t\t\t\t<\/div>\n\t\t\t\t<\/div>\n\t\t\t\t<div class=\"elementor-element elementor-element-a23e2ea elementor-widget elementor-widget-text-editor\" data-id=\"a23e2ea\" data-element_type=\"widget\" data-widget_type=\"text-editor.default\">\n\t\t\t\t<div class=\"elementor-widget-container\">\n\t\t\t\t\t\t\t\t\t<p>Get in touch with our experts now!<\/p>\t\t\t\t\t\t\t\t<\/div>\n\t\t\t\t<\/div>\n\t\t\t\t<div class=\"elementor-element elementor-element-c598d12 elementor-widget-tablet__width-initial elementor-widget elementor-widget-html\" data-id=\"c598d12\" data-element_type=\"widget\" data-widget_type=\"html.default\">\n\t\t\t\t<div class=\"elementor-widget-container\">\n\t\t\t\t\t<!DOCTYPE html>\r\n<html lang=\"fr\">\r\n<head>\r\n  <meta charset=\"UTF-8\">\r\n  <title>Bouton Cliquez ici <\/title>\r\n  <meta name=\"viewport\" content=\"width=device-width, initial-scale=1\">\r\n  <link rel=\"stylesheet\" href=\"style.css\">\r\n<\/head>\r\n<body>\r\n\r\n  <div class=\"button-container\">\r\n    <a href=\"https:\/\/www.clap-partners.com\/en\/formulaire-contact-clap-partners\/\"\r\n       class=\"button-pure\"\r\n       rel=\"noopener noreferrer\">\r\n     Click Here\r\n    <\/a>\r\n  <\/div>\r\n\r\n<\/body>\r\n<\/html>\r\n\r\n\t\t\t\t<\/div>\n\t\t\t\t<\/div>\n\t\t\t\t\t<\/div>\n\t\t<\/div>\n\t\t\t\t\t<\/div>\n\t\t<\/section>\n\t\t\t\t<\/div>","protected":false},"excerpt":{"rendered":"<p>Industrialiser vos reportings RH : de la donn\u00e9e brute au pilotage strat\u00e9gique Au programme : &#8211; Pourquoi vos reportings actuels atteignent vite leurs limites&#8211; Comment passer de la donn\u00e9e brute SuccessFactors au pilotage strat\u00e9gique&#8211; Comment fonctionne une plateforme data RH consolid\u00e9e avec Microsoft PowerBI et Microsoft Fabric&#8211; Visualiser un cas d\u2019usage concret *Webinaire en fran\u00e7ais\u00a0 [&hellip;]<\/p>","protected":false},"author":4,"featured_media":0,"parent":0,"menu_order":0,"comment_status":"closed","ping_status":"closed","template":"","meta":{"footnotes":""},"class_list":["post-10813","page","type-page","status-publish","hentry"],"jetpack_sharing_enabled":true,"_links":{"self":[{"href":"https:\/\/www.clap-partners.com\/en\/wp-json\/wp\/v2\/pages\/10813","targetHints":{"allow":["GET"]}}],"collection":[{"href":"https:\/\/www.clap-partners.com\/en\/wp-json\/wp\/v2\/pages"}],"about":[{"href":"https:\/\/www.clap-partners.com\/en\/wp-json\/wp\/v2\/types\/page"}],"author":[{"embeddable":true,"href":"https:\/\/www.clap-partners.com\/en\/wp-json\/wp\/v2\/users\/4"}],"replies":[{"embeddable":true,"href":"https:\/\/www.clap-partners.com\/en\/wp-json\/wp\/v2\/comments?post=10813"}],"version-history":[{"count":5,"href":"https:\/\/www.clap-partners.com\/en\/wp-json\/wp\/v2\/pages\/10813\/revisions"}],"predecessor-version":[{"id":10827,"href":"https:\/\/www.clap-partners.com\/en\/wp-json\/wp\/v2\/pages\/10813\/revisions\/10827"}],"wp:attachment":[{"href":"https:\/\/www.clap-partners.com\/en\/wp-json\/wp\/v2\/media?parent=10813"}],"curies":[{"name":"wp","href":"https:\/\/api.w.org\/{rel}","templated":true}]}}