{"id":6929,"date":"2025-01-27T04:00:37","date_gmt":"2025-01-27T03:00:37","guid":{"rendered":"https:\/\/www.clap-partners.com\/?page_id=6929"},"modified":"2025-01-27T08:23:34","modified_gmt":"2025-01-27T07:23:34","slug":"contact-webinaire","status":"publish","type":"page","link":"https:\/\/www.clap-partners.com\/en\/contact-webinaire\/","title":{"rendered":"Webinar Contact"},"content":{"rendered":"<div data-elementor-type=\"wp-page\" data-elementor-id=\"6929\" class=\"elementor elementor-6929\" data-elementor-post-type=\"page\">\n\t\t\t\t\t\t<section class=\"elementor-section elementor-top-section elementor-element elementor-element-87c3e74 elementor-section-full_width elementor-section-height-default elementor-section-height-default\" data-id=\"87c3e74\" data-element_type=\"section\" data-settings=\"{&quot;background_background&quot;:&quot;classic&quot;}\">\n\t\t\t\t\t\t<div class=\"elementor-container elementor-column-gap-default\">\n\t\t\t\t\t<div class=\"elementor-column elementor-col-100 elementor-top-column elementor-element elementor-element-c81d2bb\" data-id=\"c81d2bb\" data-element_type=\"column\">\n\t\t\t<div class=\"elementor-widget-wrap elementor-element-populated\">\n\t\t\t\t\t\t<div class=\"elementor-element elementor-element-151a9f0 elementor-widget elementor-widget-html\" data-id=\"151a9f0\" data-element_type=\"widget\" data-widget_type=\"html.default\">\n\t\t\t\t<div class=\"elementor-widget-container\">\n\t\t\t\t\t<div id=\"zf_div_rBIbKEjvPiCn4fd-3_CSMgZwg33ewtuhAcbB54FUjs4\"><\/div>\r\n<script type=\"text\/javascript\">\r\n(function() {\r\ntry {\r\n    \/\/ R\u00e9cup\u00e9rer l'URL actuelle et extraire les param\u00e8tres \"webinaire\" et \"title\"\r\n    var currentUrl = new URL(window.location.href);\r\n    var webinaireValue = currentUrl.searchParams.get('webinaire') || 'defaultWebinaire'; \/\/ Valeur par d\u00e9faut si \"webinaire\" n'est pas fourni\r\n    var titleValue = currentUrl.searchParams.get('title') || 'defaultTitle'; \/\/ Valeur par d\u00e9faut si \"title\" n'est pas fourni\r\n\r\n    \/\/ Construire l'URL de l'iframe avec les param\u00e8tres dynamiques\r\n    var iframeUrl = 'https:\/\/forms.zohopublic.eu\/clappartner\/form\/Test\/formperma\/5uNJ0EGa_8EDXV2cAk19azxXELLQejA-lVf_gHqRx44?zf_rszfm=1';\r\n    iframeUrl += '&webinaire=' + encodeURIComponent(webinaireValue); \/\/ Ajouter \"webinaire\"\r\n    iframeUrl += '&title=' + encodeURIComponent(titleValue); \/\/ Ajouter \"title\"\r\n\r\n    \/\/ Debugging : Afficher l'URL g\u00e9n\u00e9r\u00e9e pour v\u00e9rification\r\n    console.log('URL de l\\'iframe g\u00e9n\u00e9r\u00e9e :', iframeUrl);\r\n\r\n    \/\/ Cr\u00e9er l'iframe\r\n    var f = document.createElement(\"iframe\");\r\n    f.src = iframeUrl; \/\/ Utiliser l'URL g\u00e9n\u00e9r\u00e9e avec les arguments\r\n    f.style.border = \"none\";\r\n    f.style.height = \"804px\";\r\n    f.style.width = \"90%\";\r\n    f.style.transition = \"all 0.5s ease\";\r\n    f.setAttribute(\"aria-label\", '\\u3164Contactez\\x20nous\\x20\\x21');\r\n\r\n    \/\/ Ajouter l'iframe dans le conteneur\r\n    var d = document.getElementById(\"zf_div_rBIbKEjvPiCn4fd-3_CSMgZwg33ewtuhAcbB54FUjs4\");\r\n    d.appendChild(f);\r\n\r\n    \/\/ \u00c9couter les \u00e9v\u00e9nements pour ajuster la hauteur\r\n    window.addEventListener('message', function() {\r\n        var evntData = event.data;\r\n        if (evntData && evntData.constructor == String) {\r\n            var zf_ifrm_data = evntData.split(\"|\");\r\n            if (zf_ifrm_data.length == 2 || zf_ifrm_data.length == 3) {\r\n                var zf_perma = zf_ifrm_data[0];\r\n                var zf_ifrm_ht_nw = (parseInt(zf_ifrm_data[1], 10) + 15) + \"px\";\r\n                var iframe = document.getElementById(\"zf_div_rBIbKEjvPiCn4fd-3_CSMgZwg33ewtuhAcbB54FUjs4\").getElementsByTagName(\"iframe\")[0];\r\n                if ((iframe.src).indexOf('formperma') > 0 && (iframe.src).indexOf(zf_perma) > 0) {\r\n                    var prevIframeHeight = iframe.style.height;\r\n                    var zf_tout = false;\r\n                    if (zf_ifrm_data.length == 3) {\r\n                        iframe.scrollIntoView();\r\n                        zf_tout = true;\r\n                    }\r\n                    if (prevIframeHeight != zf_ifrm_ht_nw) {\r\n                        if (zf_tout) {\r\n                            setTimeout(function() {\r\n                                iframe.style.height = zf_ifrm_ht_nw;\r\n                            }, 500);\r\n                        } else {\r\n                            iframe.style.height = zf_ifrm_ht_nw;\r\n                        }\r\n                    }\r\n                }\r\n            }\r\n        }\r\n    }, false);\r\n} catch (e) {}\r\n})();\r\n<\/script>\r\n\t\t\t\t<\/div>\n\t\t\t\t<\/div>\n\t\t\t\t\t<\/div>\n\t\t<\/div>\n\t\t\t\t\t<\/div>\n\t\t<\/section>\n\t\t\t\t<\/div>","protected":false},"excerpt":{"rendered":"","protected":false},"author":6,"featured_media":0,"parent":0,"menu_order":0,"comment_status":"closed","ping_status":"closed","template":"","meta":{"footnotes":""},"class_list":["post-6929","page","type-page","status-publish","hentry"],"jetpack_sharing_enabled":true,"_links":{"self":[{"href":"https:\/\/www.clap-partners.com\/en\/wp-json\/wp\/v2\/pages\/6929","targetHints":{"allow":["GET"]}}],"collection":[{"href":"https:\/\/www.clap-partners.com\/en\/wp-json\/wp\/v2\/pages"}],"about":[{"href":"https:\/\/www.clap-partners.com\/en\/wp-json\/wp\/v2\/types\/page"}],"author":[{"embeddable":true,"href":"https:\/\/www.clap-partners.com\/en\/wp-json\/wp\/v2\/users\/6"}],"replies":[{"embeddable":true,"href":"https:\/\/www.clap-partners.com\/en\/wp-json\/wp\/v2\/comments?post=6929"}],"version-history":[{"count":16,"href":"https:\/\/www.clap-partners.com\/en\/wp-json\/wp\/v2\/pages\/6929\/revisions"}],"predecessor-version":[{"id":6991,"href":"https:\/\/www.clap-partners.com\/en\/wp-json\/wp\/v2\/pages\/6929\/revisions\/6991"}],"wp:attachment":[{"href":"https:\/\/www.clap-partners.com\/en\/wp-json\/wp\/v2\/media?parent=6929"}],"curies":[{"name":"wp","href":"https:\/\/api.w.org\/{rel}","templated":true}]}}