{"id":7787,"date":"2025-05-30T11:27:11","date_gmt":"2025-05-30T10:27:11","guid":{"rendered":"https:\/\/www.clap-partners.com\/?page_id=7787"},"modified":"2025-05-30T17:28:59","modified_gmt":"2025-05-30T16:28:59","slug":"formulaire-demo-claplan","status":"publish","type":"page","link":"https:\/\/www.clap-partners.com\/en\/formulaire-demo-claplan\/","title":{"rendered":"Formulaire d\u00e9mo &#8211; ClaPlan"},"content":{"rendered":"<div data-elementor-type=\"wp-page\" data-elementor-id=\"7787\" class=\"elementor elementor-7787\" data-elementor-post-type=\"page\">\n\t\t\t\t\t\t<section class=\"elementor-section elementor-top-section elementor-element elementor-element-f368eac elementor-section-full_width elementor-section-stretched elementor-section-height-default elementor-section-height-default\" data-id=\"f368eac\" data-element_type=\"section\" data-settings=\"{&quot;stretch_section&quot;:&quot;section-stretched&quot;,&quot;background_background&quot;:&quot;gradient&quot;}\">\n\t\t\t\t\t\t<div class=\"elementor-container elementor-column-gap-default\">\n\t\t\t\t\t<div class=\"elementor-column elementor-col-50 elementor-top-column elementor-element elementor-element-42274bf\" data-id=\"42274bf\" data-element_type=\"column\">\n\t\t\t<div class=\"elementor-widget-wrap elementor-element-populated\">\n\t\t\t\t\t\t<div class=\"elementor-element elementor-element-0b0b206 elementor-widget elementor-widget-spacer\" data-id=\"0b0b206\" data-element_type=\"widget\" data-widget_type=\"spacer.default\">\n\t\t\t\t<div class=\"elementor-widget-container\">\n\t\t\t\t\t\t\t<div class=\"elementor-spacer\">\n\t\t\t<div class=\"elementor-spacer-inner\"><\/div>\n\t\t<\/div>\n\t\t\t\t\t\t<\/div>\n\t\t\t\t<\/div>\n\t\t\t\t<section class=\"elementor-section elementor-inner-section elementor-element elementor-element-ef41488 elementor-section-boxed elementor-section-height-default elementor-section-height-default\" data-id=\"ef41488\" data-element_type=\"section\">\n\t\t\t\t\t\t<div class=\"elementor-container elementor-column-gap-default\">\n\t\t\t\t\t<div class=\"elementor-column elementor-col-100 elementor-inner-column elementor-element elementor-element-a71363d\" data-id=\"a71363d\" data-element_type=\"column\">\n\t\t\t<div class=\"elementor-widget-wrap elementor-element-populated\">\n\t\t\t\t\t\t<div class=\"elementor-element elementor-element-0ce5f3f elementor-widget elementor-widget-html\" data-id=\"0ce5f3f\" data-element_type=\"widget\" data-widget_type=\"html.default\">\n\t\t\t\t<div class=\"elementor-widget-container\">\n\t\t\t\t\t<section class=\"demo-section\">\r\n  <h1 class=\"demo-title\">Would you like demonstration ClaPlan?<\/h1>\r\n  <p class=\"demo-text\">\r\n    Simplify your project planning and management with Claplan. Our solution helps you organize tasks efficiently, optimize collaboration and boost productivity.\n    Take advantage of a personalized demonstration to explore its features and see how ClaPlan can be adapted to your needs. Fill in the form and our team will get in touch with you shortly to help you get started.\r\n  <\/p>\r\n\r\n  <div class=\"contact-info\">\r\n    <div class=\"info-line\">\r\n      <span class=\"icon\">\r\n        <!-- Adresse -->\r\n        <svg xmlns=\"http:\/\/www.w3.org\/2000\/svg\" width=\"20\" height=\"20\" fill=\"#F09A2A\" viewbox=\"0 0 24 24\">\r\n          <path d=\"M12 2C8.13 2 5 5.13 5 9c0 5.25 7 13 7 13s7-7.75 7-13c0-3.87-3.13-7-7-7zm0 9.5a2.5 2.5 0 1 1 0-5 2.5 2.5 0 0 1 0 5z\"\/>\r\n        <\/svg>\r\n      <\/span>\r\n      <div class=\"info-text\">\r\n        <strong>Address<\/strong><br>\r\n        29 Avenue Henri Ginoux, 92120 Montrouge, France\r\n      <\/div>\r\n    <\/div>\r\n\r\n    <div class=\"info-line\">\r\n      <span class=\"icon\">\r\n        <!-- T\u00e9l\u00e9phone -->\r\n        <svg xmlns=\"http:\/\/www.w3.org\/2000\/svg\" width=\"20\" height=\"20\" fill=\"#F09A2A\" viewbox=\"0 0 24 24\">\r\n          <path d=\"M6.62 10.79a15.07 15.07 0 0 0 6.59 6.59l2.2-2.2a1 1 0 0 1 1.05-.24 11.36 11.36 0 0 0 3.58.57 1 1 0 0 1 1 1v3.61a1 1 0 0 1-1 1A17 17 0 0 1 3 5a1 1 0 0 1 1-1h3.6a1 1 0 0 1 1 1 11.36 11.36 0 0 0 .57 3.58 1 1 0 0 1-.24 1.05l-2.3 2.16z\"\/>\r\n        <\/svg>\r\n      <\/span>\r\n      <div class=\"info-text\">\r\n        <strong>Phone<\/strong><br>\r\n        09 72 57 25 89\r\n      <\/div>\r\n    <\/div>\r\n\r\n    <div class=\"info-line\">\r\n      <span class=\"icon\">\r\n        <!-- Courriel -->\r\n        <svg xmlns=\"http:\/\/www.w3.org\/2000\/svg\" width=\"20\" height=\"20\" fill=\"#F09A2A\" viewbox=\"0 0 24 24\">\r\n          <path d=\"M20 4H4a2 2 0 0 0-2 2v1.18l10 5.6 10-5.6V6a2 2 0 0 0-2-2zm0 4.27-8.4 4.7a1 1 0 0 1-.98 0L4 8.27V18a2 2 0 0 0 2 2h12a2 2 0 0 0 2-2V8.27z\"\/>\r\n        <\/svg>\r\n      <\/span>\r\n      <div class=\"info-text\">\r\n        <strong>E-mail<\/strong><br>\r\n        <a href=\"mailto:contact@clap-partners.com\">contact@clap-partners.com<\/a>\r\n      <\/div>\r\n    <\/div>\r\n  <\/div>\r\n<\/section>\r\n\t\t\t\t<\/div>\n\t\t\t\t<\/div>\n\t\t\t\t\t<\/div>\n\t\t<\/div>\n\t\t\t\t\t<\/div>\n\t\t<\/section>\n\t\t\t\t\t<\/div>\n\t\t<\/div>\n\t\t\t\t<div class=\"elementor-column elementor-col-50 elementor-top-column elementor-element elementor-element-657d455\" data-id=\"657d455\" data-element_type=\"column\">\n\t\t\t<div class=\"elementor-widget-wrap elementor-element-populated\">\n\t\t\t\t\t\t<div class=\"elementor-element elementor-element-d929cd8 elementor-widget-tablet__width-initial elementor-widget__width-initial elementor-widget elementor-widget-html\" data-id=\"d929cd8\" data-element_type=\"widget\" data-widget_type=\"html.default\">\n\t\t\t\t<div class=\"elementor-widget-container\">\n\t\t\t\t\t<!DOCTYPE html>\r\n<html lang=\"fr\">\r\n<head>\r\n  <meta charset=\"UTF-8\">\r\n  <meta name=\"viewport\" content=\"width=device-width, initial-scale=1.0\">\r\n  <title>Contactez-nous<\/title>\r\n  <style>\r\n    body {\r\n      margin: 0;\r\n      padding: 0;\r\n      font-family: Arial, sans-serif;\r\n    }\r\n\r\n    .iframe-container {\r\n      max-width: 1200px;   \/* Largeur du formulaire *\/\r\n      margin: 0 auto;      \/* Centr\u00e9 horizontalement *\/\r\n      overflow: hidden;    \/* Pas de scroll horizontal *\/\r\n    }\r\n\r\n    iframe {\r\n      width: 100%;\r\n      height: 1000px;     \/* Ajuste selon la longueur du formulaire *\/\r\n      border: none;\r\n      display: block;\r\n    }\r\n\r\n    \/* Supprimer les marges et l'espacement inutile en bas de la page *\/\r\n    body, html {\r\n      overflow-x: hidden;\r\n    }\r\n  <\/style>\r\n<\/head>\r\n<body>\r\n  <div class=\"iframe-container\">\r\n    <iframe \r\n      src=\"https:\/\/forms.zohopublic.eu\/clappartner\/form\/Demanderunedmo\/formperma\/OtscF4n-AhhTZPwGyRrNUWUjxESiOurnJcf6w41E4Vg\"\r\n      title=\"Zoho contact form\"\r\n      allowfullscreen>\r\n    <\/iframe>\r\n  <\/div>\r\n<\/body>\r\n<\/html>\r\n\t\t\t\t<\/div>\n\t\t\t\t<\/div>\n\t\t\t\t\t<\/div>\n\t\t<\/div>\n\t\t\t\t\t<\/div>\n\t\t<\/section>\n\t\t\t\t<section class=\"elementor-section elementor-top-section elementor-element elementor-element-542de5e elementor-section-boxed elementor-section-height-default elementor-section-height-default\" data-id=\"542de5e\" data-element_type=\"section\" data-settings=\"{&quot;background_background&quot;:&quot;gradient&quot;}\">\n\t\t\t\t\t\t<div class=\"elementor-container elementor-column-gap-default\">\n\t\t\t\t\t<div class=\"elementor-column elementor-col-100 elementor-top-column elementor-element elementor-element-d06b950\" data-id=\"d06b950\" data-element_type=\"column\">\n\t\t\t<div class=\"elementor-widget-wrap elementor-element-populated\">\n\t\t\t\t\t\t<div class=\"elementor-element elementor-element-149c672 elementor-widget elementor-widget-spacer\" data-id=\"149c672\" data-element_type=\"widget\" data-widget_type=\"spacer.default\">\n\t\t\t\t<div class=\"elementor-widget-container\">\n\t\t\t\t\t\t\t<div class=\"elementor-spacer\">\n\t\t\t<div class=\"elementor-spacer-inner\"><\/div>\n\t\t<\/div>\n\t\t\t\t\t\t<\/div>\n\t\t\t\t<\/div>\n\t\t\t\t\t<\/div>\n\t\t<\/div>\n\t\t\t\t\t<\/div>\n\t\t<\/section>\n\t\t\t\t<section class=\"elementor-section elementor-top-section elementor-element elementor-element-d7e0a51 elementor-section-content-middle elementor-section-stretched elementor-section-boxed elementor-section-height-default elementor-section-height-default\" data-id=\"d7e0a51\" data-element_type=\"section\" data-settings=\"{&quot;background_background&quot;:&quot;classic&quot;,&quot;stretch_section&quot;:&quot;section-stretched&quot;}\">\n\t\t\t\t\t\t\t<div class=\"elementor-background-overlay\"><\/div>\n\t\t\t\t\t\t\t<div class=\"elementor-container elementor-column-gap-default\">\n\t\t\t\t\t<div class=\"elementor-column elementor-col-100 elementor-top-column elementor-element elementor-element-c0dd9cf\" data-id=\"c0dd9cf\" data-element_type=\"column\">\n\t\t\t<div class=\"elementor-widget-wrap elementor-element-populated\">\n\t\t\t\t\t\t<div class=\"elementor-element elementor-element-0ec2ce3 elementor-invisible elementor-widget elementor-widget-heading\" data-id=\"0ec2ce3\" data-element_type=\"widget\" data-settings=\"{&quot;_animation&quot;:&quot;fadeInDown&quot;}\" data-widget_type=\"heading.default\">\n\t\t\t\t<div class=\"elementor-widget-container\">\n\t\t\t\t\t<h2 class=\"elementor-heading-title elementor-size-default\">Find out more<\/h2>\t\t\t\t<\/div>\n\t\t\t\t<\/div>\n\t\t\t\t<div class=\"elementor-element elementor-element-d96e4c2 elementor-invisible elementor-widget elementor-widget-heading\" data-id=\"d96e4c2\" data-element_type=\"widget\" data-settings=\"{&quot;_animation&quot;:&quot;fadeInDown&quot;}\" data-widget_type=\"heading.default\">\n\t\t\t\t<div class=\"elementor-widget-container\">\n\t\t\t\t\t<h2 class=\"elementor-heading-title elementor-size-default\">Claplan<\/h2>\t\t\t\t<\/div>\n\t\t\t\t<\/div>\n\t\t\t\t<div class=\"elementor-element elementor-element-83695aa elementor-widget elementor-widget-text-editor\" data-id=\"83695aa\" data-element_type=\"widget\" data-widget_type=\"text-editor.default\">\n\t\t\t\t<div class=\"elementor-widget-container\">\n\t\t\t\t\t\t\t\t\t<p>Get in touch with our experts now!<\/p>\t\t\t\t\t\t\t\t<\/div>\n\t\t\t\t<\/div>\n\t\t\t\t<div class=\"elementor-element elementor-element-71e9dce elementor-widget-tablet__width-initial elementor-widget elementor-widget-html\" data-id=\"71e9dce\" data-element_type=\"widget\" data-widget_type=\"html.default\">\n\t\t\t\t<div class=\"elementor-widget-container\">\n\t\t\t\t\t<!DOCTYPE html>\r\n<html lang=\"fr\">\r\n<head>\r\n  <meta charset=\"UTF-8\">\r\n  <title>Bouton Cliquez ici <\/title>\r\n  <meta name=\"viewport\" content=\"width=device-width, initial-scale=1\">\r\n  <link rel=\"stylesheet\" href=\"style.css\">\r\n<\/head>\r\n<body>\r\n\r\n  <div class=\"button-container\">\r\n    <a href=\"https:\/\/www.clap-partners.com\/en\/formulaire-contact-clap-partners\/\"\r\n       class=\"button-pure\"\r\n       target=\"_blank\"\r\n       rel=\"noopener noreferrer\">\r\n     Click Here\r\n    <\/a>\r\n  <\/div>\r\n\r\n<\/body>\r\n<\/html>\r\n\r\n\t\t\t\t<\/div>\n\t\t\t\t<\/div>\n\t\t\t\t\t<\/div>\n\t\t<\/div>\n\t\t\t\t\t<\/div>\n\t\t<\/section>\n\t\t\t\t<\/div>","protected":false},"excerpt":{"rendered":"<p>Une d\u00e9mo ClaPlan, \u00e7a vous dit ? Simplifiez la planification et la gestion de vos projets gr\u00e2ce \u00e0 Claplan. Notre solution vous aide \u00e0 organiser efficacement vos t\u00e2ches, optimiser la collaboration et gagner en productivit\u00e9. Profitez d\u2019une d\u00e9monstration personnalis\u00e9e pour explorer ses fonctionnalit\u00e9s et voir comment ClaPlan peut s\u2019adapter \u00e0 vos besoins. Remplissez le formulaire [&hellip;]<\/p>","protected":false},"author":4,"featured_media":0,"parent":0,"menu_order":0,"comment_status":"closed","ping_status":"closed","template":"","meta":{"footnotes":""},"class_list":["post-7787","page","type-page","status-publish","hentry"],"jetpack_sharing_enabled":true,"_links":{"self":[{"href":"https:\/\/www.clap-partners.com\/en\/wp-json\/wp\/v2\/pages\/7787","targetHints":{"allow":["GET"]}}],"collection":[{"href":"https:\/\/www.clap-partners.com\/en\/wp-json\/wp\/v2\/pages"}],"about":[{"href":"https:\/\/www.clap-partners.com\/en\/wp-json\/wp\/v2\/types\/page"}],"author":[{"embeddable":true,"href":"https:\/\/www.clap-partners.com\/en\/wp-json\/wp\/v2\/users\/4"}],"replies":[{"embeddable":true,"href":"https:\/\/www.clap-partners.com\/en\/wp-json\/wp\/v2\/comments?post=7787"}],"version-history":[{"count":34,"href":"https:\/\/www.clap-partners.com\/en\/wp-json\/wp\/v2\/pages\/7787\/revisions"}],"predecessor-version":[{"id":8642,"href":"https:\/\/www.clap-partners.com\/en\/wp-json\/wp\/v2\/pages\/7787\/revisions\/8642"}],"wp:attachment":[{"href":"https:\/\/www.clap-partners.com\/en\/wp-json\/wp\/v2\/media?parent=7787"}],"curies":[{"name":"wp","href":"https:\/\/api.w.org\/{rel}","templated":true}]}}