{"id":9652,"date":"2025-10-22T10:45:28","date_gmt":"2025-10-22T09:45:28","guid":{"rendered":"https:\/\/www.clap-partners.com\/?page_id=9652"},"modified":"2025-11-03T16:02:35","modified_gmt":"2025-11-03T15:02:35","slug":"gestion-des-temps-sap-sucessfactors","status":"publish","type":"page","link":"https:\/\/www.clap-partners.com\/en\/gestion-des-temps-sap-sucessfactors\/","title":{"rendered":"Time management - SAP SuccessFactors"},"content":{"rendered":"<div data-elementor-type=\"wp-page\" data-elementor-id=\"9652\" class=\"elementor elementor-9652\" data-elementor-post-type=\"page\">\n\t\t\t\t\t\t<section class=\"elementor-section elementor-top-section elementor-element elementor-element-75f2211 elementor-section-full_width elementor-section-stretched elementor-section-height-default elementor-section-height-default\" data-id=\"75f2211\" data-element_type=\"section\" data-settings=\"{&quot;background_background&quot;:&quot;gradient&quot;,&quot;stretch_section&quot;:&quot;section-stretched&quot;}\">\n\t\t\t\t\t\t\t<div class=\"elementor-background-overlay\"><\/div>\n\t\t\t\t\t\t\t<div class=\"elementor-container elementor-column-gap-default\">\n\t\t\t\t\t<div class=\"elementor-column elementor-col-100 elementor-top-column elementor-element elementor-element-e5913f2\" data-id=\"e5913f2\" data-element_type=\"column\">\n\t\t\t<div class=\"elementor-widget-wrap elementor-element-populated\">\n\t\t\t\t\t\t<div class=\"elementor-element elementor-element-6dbe35f elementor-widget__width-initial elementor-widget elementor-widget-heading\" data-id=\"6dbe35f\" data-element_type=\"widget\" data-widget_type=\"heading.default\">\n\t\t\t\t<div class=\"elementor-widget-container\">\n\t\t\t\t\t<h2 class=\"elementor-heading-title elementor-size-default\">Manage your teams' time efficiently and easily<\/h2>\t\t\t\t<\/div>\n\t\t\t\t<\/div>\n\t\t\t\t<div class=\"elementor-element elementor-element-a13ed65 elementor-widget elementor-widget-heading\" data-id=\"a13ed65\" data-element_type=\"widget\" data-widget_type=\"heading.default\">\n\t\t\t\t<div class=\"elementor-widget-container\">\n\t\t\t\t\t<h1 class=\"elementor-heading-title elementor-size-default\">Time management - SAP SuccessFactors<\/h1>\t\t\t\t<\/div>\n\t\t\t\t<\/div>\n\t\t\t\t\t<\/div>\n\t\t<\/div>\n\t\t\t\t\t<\/div>\n\t\t<\/section>\n\t\t\t\t<section class=\"elementor-section elementor-top-section elementor-element elementor-element-cf37c7a elementor-section-boxed elementor-section-height-default elementor-section-height-default\" data-id=\"cf37c7a\" data-element_type=\"section\">\n\t\t\t\t\t\t<div class=\"elementor-container elementor-column-gap-default\">\n\t\t\t\t\t<div class=\"elementor-column elementor-col-100 elementor-top-column elementor-element elementor-element-6203bcf\" data-id=\"6203bcf\" data-element_type=\"column\">\n\t\t\t<div class=\"elementor-widget-wrap elementor-element-populated\">\n\t\t\t\t\t\t<div class=\"elementor-element elementor-element-4cc19bc elementor-widget elementor-widget-heading\" data-id=\"4cc19bc\" data-element_type=\"widget\" data-widget_type=\"heading.default\">\n\t\t\t\t<div class=\"elementor-widget-container\">\n\t\t\t\t\t<h5 class=\"elementor-heading-title elementor-size-default\">A complete solution for managing absences, schedules and compliance<\/h5>\t\t\t\t<\/div>\n\t\t\t\t<\/div>\n\t\t\t\t<div class=\"elementor-element elementor-element-a5f8f71 elementor-invisible elementor-widget elementor-widget-heading\" data-id=\"a5f8f71\" data-element_type=\"widget\" data-settings=\"{&quot;_animation&quot;:&quot;fadeInDown&quot;}\" data-widget_type=\"heading.default\">\n\t\t\t\t<div class=\"elementor-widget-container\">\n\t\t\t\t\t<h2 class=\"elementor-heading-title elementor-size-default\">What is Time Management?\n<\/h2>\t\t\t\t<\/div>\n\t\t\t\t<\/div>\n\t\t\t\t\t<\/div>\n\t\t<\/div>\n\t\t\t\t\t<\/div>\n\t\t<\/section>\n\t\t\t\t<section class=\"elementor-section elementor-top-section elementor-element elementor-element-0d0f3e7 elementor-section-boxed elementor-section-height-default elementor-section-height-default\" data-id=\"0d0f3e7\" data-element_type=\"section\">\n\t\t\t\t\t\t<div class=\"elementor-container elementor-column-gap-default\">\n\t\t\t\t\t<div class=\"elementor-column elementor-col-100 elementor-top-column elementor-element elementor-element-706e202\" data-id=\"706e202\" data-element_type=\"column\">\n\t\t\t<div class=\"elementor-widget-wrap elementor-element-populated\">\n\t\t\t\t\t\t<div class=\"elementor-element elementor-element-86cbacf elementor-widget elementor-widget-text-editor\" data-id=\"86cbacf\" data-element_type=\"widget\" data-widget_type=\"text-editor.default\">\n\t\t\t\t<div class=\"elementor-widget-container\">\n\t\t\t\t\t\t\t\t\t<p>Le Time Management dans SuccessFactors regroupe la gestion des absences (Time Off) et la gestion du temps de travail (Time Tracking). Il permet aux collaborateurs et aux managers de g\u00e9rer efficacement leur emploi du temps, leurs cong\u00e9s, leurs horaires et leur conformit\u00e9 r\u00e9glementaire.<\/p>\t\t\t\t\t\t\t\t<\/div>\n\t\t\t\t<\/div>\n\t\t\t\t\t<\/div>\n\t\t<\/div>\n\t\t\t\t\t<\/div>\n\t\t<\/section>\n\t\t\t\t<section class=\"elementor-section elementor-top-section elementor-element elementor-element-9aaab3c elementor-section-full_width elementor-section-height-default elementor-section-height-default\" data-id=\"9aaab3c\" data-element_type=\"section\" data-settings=\"{&quot;background_background&quot;:&quot;gradient&quot;,&quot;shape_divider_top&quot;:&quot;tilt&quot;,&quot;shape_divider_bottom&quot;:&quot;tilt&quot;}\">\n\t\t\t\t\t<div class=\"elementor-shape elementor-shape-top\" aria-hidden=\"true\" data-negative=\"false\">\n\t\t\t<svg xmlns=\"http:\/\/www.w3.org\/2000\/svg\" viewbox=\"0 0 1000 100\" preserveaspectratio=\"none\">\n\t<path class=\"elementor-shape-fill\" d=\"M0,6V0h1000v100L0,6z\"\/>\n<\/svg>\t\t<\/div>\n\t\t\t\t<div class=\"elementor-shape elementor-shape-bottom\" aria-hidden=\"true\" data-negative=\"false\">\n\t\t\t<svg xmlns=\"http:\/\/www.w3.org\/2000\/svg\" viewbox=\"0 0 1000 100\" preserveaspectratio=\"none\">\n\t<path class=\"elementor-shape-fill\" d=\"M0,6V0h1000v100L0,6z\"\/>\n<\/svg>\t\t<\/div>\n\t\t\t\t\t<div class=\"elementor-container elementor-column-gap-default\">\n\t\t\t\t\t<div class=\"elementor-column elementor-col-50 elementor-top-column elementor-element elementor-element-897bdc5\" data-id=\"897bdc5\" data-element_type=\"column\">\n\t\t\t<div class=\"elementor-widget-wrap elementor-element-populated\">\n\t\t\t\t\t\t<div class=\"elementor-element elementor-element-5765711 elementor-widget elementor-widget-spacer\" data-id=\"5765711\" data-element_type=\"widget\" data-widget_type=\"spacer.default\">\n\t\t\t\t<div class=\"elementor-widget-container\">\n\t\t\t\t\t\t\t<div class=\"elementor-spacer\">\n\t\t\t<div class=\"elementor-spacer-inner\"><\/div>\n\t\t<\/div>\n\t\t\t\t\t\t<\/div>\n\t\t\t\t<\/div>\n\t\t\t\t<div class=\"elementor-element elementor-element-3ec5284 elementor-widget elementor-widget-html\" data-id=\"3ec5284\" data-element_type=\"widget\" data-widget_type=\"html.default\">\n\t\t\t\t<div class=\"elementor-widget-container\">\n\t\t\t\t\t<section class=\"migration-texte\">\r\n  <h2>Time Off Module \u2013 Absence Management<\/h2>\t\t\t\t<\/div>\n\t\t\t\t<\/div>\n\t\t\t\t<div class=\"elementor-element elementor-element-366b85a elementor-widget elementor-widget-html\" data-id=\"366b85a\" data-element_type=\"widget\" data-widget_type=\"html.default\">\n\t\t\t\t<div class=\"elementor-widget-container\">\n\t\t\t\t\t<section class=\"features-list\">\r\n  <ul>\r\n    <li>Simple and mobile graphical interface<\/li>\r\n    <li>View vacation balances<\/li>\r\n    <li>Enter absence requests with automatic consideration of public holidays<\/li>\r\n    <li>Complete visibility of current and past requests<\/li>\r\n    <li>Integrated team calendar to view absences<\/li>\r\n    <li>Configurable approval workflow<\/li>\r\n  <\/ul>\r\n<\/section>\r\n\t\t\t\t<\/div>\n\t\t\t\t<\/div>\n\t\t\t\t<div class=\"elementor-element elementor-element-4edd6cd elementor-widget-tablet__width-initial elementor-widget elementor-widget-html\" data-id=\"4edd6cd\" data-element_type=\"widget\" data-widget_type=\"html.default\">\n\t\t\t\t<div class=\"elementor-widget-container\">\n\t\t\t\t\t<!DOCTYPE html>\r\n<html lang=\"fr\">\r\n<head>\r\n  <meta charset=\"UTF-8\">\r\n  <title>Bouton Visionner nos replays<\/title>\r\n  <meta name=\"viewport\" content=\"width=device-width, initial-scale=1\">\r\n  <link rel=\"stylesheet\" href=\"style.css\">\r\n<\/head>\r\n<body>\r\n\r\n  <div class=\"button-container\">\r\n    <a href=\"https:\/\/www.clap-partners.com\/en\/formulaire-demo-clap-partners\/\" class=\"button-pure\">\r\n     Request your demo\r\n    <\/a>\r\n  <\/div>\r\n\r\n<\/body>\r\n<\/html>\r\n\t\t\t\t<\/div>\n\t\t\t\t<\/div>\n\t\t\t\t\t<\/div>\n\t\t<\/div>\n\t\t\t\t<div class=\"elementor-column elementor-col-50 elementor-top-column elementor-element elementor-element-2f5773b\" data-id=\"2f5773b\" data-element_type=\"column\">\n\t\t\t<div class=\"elementor-widget-wrap elementor-element-populated\">\n\t\t\t\t\t\t<div class=\"elementor-element elementor-element-c151458 elementor-widget elementor-widget-spacer\" data-id=\"c151458\" data-element_type=\"widget\" data-widget_type=\"spacer.default\">\n\t\t\t\t<div class=\"elementor-widget-container\">\n\t\t\t\t\t\t\t<div class=\"elementor-spacer\">\n\t\t\t<div class=\"elementor-spacer-inner\"><\/div>\n\t\t<\/div>\n\t\t\t\t\t\t<\/div>\n\t\t\t\t<\/div>\n\t\t\t\t<div class=\"elementor-element elementor-element-7e843b3 elementor-widget__width-initial elementor-widget elementor-widget-html\" data-id=\"7e843b3\" data-element_type=\"widget\" data-widget_type=\"html.default\">\n\t\t\t\t<div class=\"elementor-widget-container\">\n\t\t\t\t\t<div class=\"image-card\">\r\n  <img decoding=\"async\" src=\"https:\/\/www.clap-partners.com\/wp-content\/uploads\/2025\/09\/time-off-page-gestion-des-temps-2.png\" alt=\"Visuel\">\r\n<\/div>\r\n\t\t\t\t<\/div>\n\t\t\t\t<\/div>\n\t\t\t\t\t<\/div>\n\t\t<\/div>\n\t\t\t\t\t<\/div>\n\t\t<\/section>\n\t\t\t\t<section class=\"elementor-section elementor-top-section elementor-element elementor-element-6918132 elementor-section-boxed elementor-section-height-default elementor-section-height-default\" data-id=\"6918132\" data-element_type=\"section\">\n\t\t\t\t\t\t<div class=\"elementor-container elementor-column-gap-default\">\n\t\t\t\t\t<div class=\"elementor-column elementor-col-100 elementor-top-column elementor-element elementor-element-01f2f91\" data-id=\"01f2f91\" data-element_type=\"column\">\n\t\t\t<div class=\"elementor-widget-wrap elementor-element-populated\">\n\t\t\t\t\t\t<div class=\"elementor-element elementor-element-48c60d1 elementor-widget elementor-widget-spacer\" data-id=\"48c60d1\" data-element_type=\"widget\" data-widget_type=\"spacer.default\">\n\t\t\t\t<div class=\"elementor-widget-container\">\n\t\t\t\t\t\t\t<div class=\"elementor-spacer\">\n\t\t\t<div class=\"elementor-spacer-inner\"><\/div>\n\t\t<\/div>\n\t\t\t\t\t\t<\/div>\n\t\t\t\t<\/div>\n\t\t\t\t\t<\/div>\n\t\t<\/div>\n\t\t\t\t\t<\/div>\n\t\t<\/section>\n\t\t\t\t<section class=\"elementor-section elementor-top-section elementor-element elementor-element-42f96bd elementor-section-full_width elementor-section-height-default elementor-section-height-default\" data-id=\"42f96bd\" data-element_type=\"section\">\n\t\t\t\t\t\t<div class=\"elementor-container elementor-column-gap-default\">\n\t\t\t\t\t<div class=\"elementor-column elementor-col-50 elementor-top-column elementor-element elementor-element-8043a6b\" data-id=\"8043a6b\" data-element_type=\"column\">\n\t\t\t<div class=\"elementor-widget-wrap elementor-element-populated\">\n\t\t\t\t\t\t<div class=\"elementor-element elementor-element-582c2e4 elementor-widget elementor-widget-spacer\" data-id=\"582c2e4\" data-element_type=\"widget\" data-widget_type=\"spacer.default\">\n\t\t\t\t<div class=\"elementor-widget-container\">\n\t\t\t\t\t\t\t<div class=\"elementor-spacer\">\n\t\t\t<div class=\"elementor-spacer-inner\"><\/div>\n\t\t<\/div>\n\t\t\t\t\t\t<\/div>\n\t\t\t\t<\/div>\n\t\t\t\t<div class=\"elementor-element elementor-element-0879b84 elementor-widget__width-initial elementor-widget elementor-widget-html\" data-id=\"0879b84\" data-element_type=\"widget\" data-widget_type=\"html.default\">\n\t\t\t\t<div class=\"elementor-widget-container\">\n\t\t\t\t\t<div class=\"image-card\">\r\n  <img decoding=\"async\" src=\"https:\/\/www.clap-partners.com\/wp-content\/uploads\/2025\/09\/time-tracking-1.png\" alt=\"Visuel\">\r\n<\/div>\r\n\t\t\t\t<\/div>\n\t\t\t\t<\/div>\n\t\t\t\t\t<\/div>\n\t\t<\/div>\n\t\t\t\t<div class=\"elementor-column elementor-col-50 elementor-top-column elementor-element elementor-element-2fc080a\" data-id=\"2fc080a\" data-element_type=\"column\">\n\t\t\t<div class=\"elementor-widget-wrap elementor-element-populated\">\n\t\t\t\t\t\t<div class=\"elementor-element elementor-element-f671ee3 elementor-widget elementor-widget-html\" data-id=\"f671ee3\" data-element_type=\"widget\" data-widget_type=\"html.default\">\n\t\t\t\t<div class=\"elementor-widget-container\">\n\t\t\t\t\t<section class=\"migration-texte\">\r\n  <h2>Time Tracking Module \u2013 Time Tracking<\/h2>\t\t\t\t<\/div>\n\t\t\t\t<\/div>\n\t\t\t\t<div class=\"elementor-element elementor-element-768306a elementor-widget elementor-widget-html\" data-id=\"768306a\" data-element_type=\"widget\" data-widget_type=\"html.default\">\n\t\t\t\t<div class=\"elementor-widget-container\">\n\t\t\t\t\t<section class=\"features-list\">\r\n  <ul>\r\n    <li>Universal access to schedules (all types of contracts: hourly, daily flat rate, etc.)<\/li>\r\n    <li>Viewable on all media (computer, tablet and mobile)<\/li>\r\n    <li>Integrated calculation engine: overtime, compensatory time off, meal vouchers, etc<\/li>\r\n    <li>Automatic alerts to ensure regulatory compliance<\/li>\r\n    <li>Synchronization with absence management: absences visible and editable directly from the schedule<\/li>\r\n    <li>Workflow for approving hours<\/li>\r\n  <\/ul>\r\n<\/section>\r\n\t\t\t\t<\/div>\n\t\t\t\t<\/div>\n\t\t\t\t<div class=\"elementor-element elementor-element-0e37f35 elementor-widget-tablet__width-initial elementor-widget elementor-widget-html\" data-id=\"0e37f35\" data-element_type=\"widget\" data-widget_type=\"html.default\">\n\t\t\t\t<div class=\"elementor-widget-container\">\n\t\t\t\t\t<!DOCTYPE html>\r\n<html lang=\"fr\">\r\n<head>\r\n  <meta charset=\"UTF-8\">\r\n  <title>Bouton Visionner nos replays<\/title>\r\n  <meta name=\"viewport\" content=\"width=device-width, initial-scale=1\">\r\n  <link rel=\"stylesheet\" href=\"style.css\">\r\n<\/head>\r\n<body>\r\n\r\n  <div class=\"button-container\">\r\n    <a href=\"https:\/\/www.clap-partners.com\/en\/formulaire-demo-clap-partners\/\" class=\"button-pure\">\r\n     Request your demo\r\n    <\/a>\r\n  <\/div>\r\n\r\n<\/body>\r\n<\/html>\r\n\t\t\t\t<\/div>\n\t\t\t\t<\/div>\n\t\t\t\t\t<\/div>\n\t\t<\/div>\n\t\t\t\t\t<\/div>\n\t\t<\/section>\n\t\t\t\t<section class=\"elementor-section elementor-top-section elementor-element elementor-element-dc3f2c4 elementor-section-boxed elementor-section-height-default elementor-section-height-default\" data-id=\"dc3f2c4\" data-element_type=\"section\">\n\t\t\t\t\t\t<div class=\"elementor-container elementor-column-gap-default\">\n\t\t\t\t\t<div class=\"elementor-column elementor-col-100 elementor-top-column elementor-element elementor-element-4bc05fa\" data-id=\"4bc05fa\" data-element_type=\"column\">\n\t\t\t<div class=\"elementor-widget-wrap elementor-element-populated\">\n\t\t\t\t\t\t<div class=\"elementor-element elementor-element-2c474e0 elementor-widget elementor-widget-spacer\" data-id=\"2c474e0\" data-element_type=\"widget\" data-widget_type=\"spacer.default\">\n\t\t\t\t<div class=\"elementor-widget-container\">\n\t\t\t\t\t\t\t<div class=\"elementor-spacer\">\n\t\t\t<div class=\"elementor-spacer-inner\"><\/div>\n\t\t<\/div>\n\t\t\t\t\t\t<\/div>\n\t\t\t\t<\/div>\n\t\t\t\t\t<\/div>\n\t\t<\/div>\n\t\t\t\t\t<\/div>\n\t\t<\/section>\n\t\t\t\t<section class=\"elementor-section elementor-top-section elementor-element elementor-element-b889c1f elementor-section-full_width elementor-section-height-default elementor-section-height-default\" data-id=\"b889c1f\" data-element_type=\"section\" data-settings=\"{&quot;background_background&quot;:&quot;gradient&quot;,&quot;shape_divider_top&quot;:&quot;tilt&quot;}\">\n\t\t\t\t\t<div class=\"elementor-shape elementor-shape-top\" aria-hidden=\"true\" data-negative=\"false\">\n\t\t\t<svg xmlns=\"http:\/\/www.w3.org\/2000\/svg\" viewbox=\"0 0 1000 100\" preserveaspectratio=\"none\">\n\t<path class=\"elementor-shape-fill\" d=\"M0,6V0h1000v100L0,6z\"\/>\n<\/svg>\t\t<\/div>\n\t\t\t\t\t<div class=\"elementor-container elementor-column-gap-default\">\n\t\t\t\t\t<div class=\"elementor-column elementor-col-100 elementor-top-column elementor-element elementor-element-38e8539\" data-id=\"38e8539\" data-element_type=\"column\">\n\t\t\t<div class=\"elementor-widget-wrap elementor-element-populated\">\n\t\t\t\t\t\t<div class=\"elementor-element elementor-element-914f121 elementor-widget__width-initial elementor-invisible elementor-widget elementor-widget-text-editor\" data-id=\"914f121\" data-element_type=\"widget\" data-settings=\"{&quot;_animation&quot;:&quot;slideInDown&quot;}\" data-widget_type=\"text-editor.default\">\n\t\t\t\t<div class=\"elementor-widget-container\">\n\t\t\t\t\t\t\t\t\t<p class=\"cvGsUA direction-ltr align-justify para-style-body\"><span class=\"OYPEnA font-feature-liga-off font-feature-clig-off font-feature-calt-off text-decoration-none text-strikethrough-none\" style=\"color: #ffffff;\">WHY INT<b>\u00c9<\/b>EGRATE TIME MANAGEMENT?<\/span><\/p>\t\t\t\t\t\t\t\t<\/div>\n\t\t\t\t<\/div>\n\t\t\t\t<div class=\"elementor-element elementor-element-c84fe3f elementor-widget elementor-widget-html\" data-id=\"c84fe3f\" data-element_type=\"widget\" data-widget_type=\"html.default\">\n\t\t\t\t<div class=\"elementor-widget-container\">\n\t\t\t\t\t\r\n  <div class=\"container\">\r\n    \r\n    <div class=\"benefits-row\">\r\n\r\n      <div class=\"benefit-card\">\r\n        <div class=\"icon\">\r\n          <!-- Ic\u00f4ne Mobile -->\r\n          <svg width=\"32\" height=\"32\" viewbox=\"0 0 24 24\" fill=\"url(#gradient)\" xmlns=\"http:\/\/www.w3.org\/2000\/svg\">\r\n            <defs>\r\n              <lineargradient id=\"gradient\" x1=\"0%\" y1=\"0%\" x2=\"100%\" y2=\"100%\">\r\n                <stop offset=\"0%\" stop-color=\"#2F80ED\"\/>\r\n                <stop offset=\"100%\" stop-color=\"#9B51E0\"\/>\r\n              <\/lineargradient>\r\n            <\/defs>\r\n            <path d=\"M7 2C5.89 2 5 2.89 5 4V20C5 21.11 5.89 22 7 22H17C18.11 22 19 21.11 19 20V4C19 2.89 18.11 2 17 2H7ZM7 4H17V20H7V4ZM11 18H13V20H11V18Z\"\/>\r\n          <\/svg>\r\n        <\/div>\r\n        <h3>Seamless experience<\/h3>\r\n        <p>On mobile and PC, the interface is intuitive and accessible<\/p>\r\n      <\/div>\r\n\r\n      <div class=\"benefit-card\">\r\n        <div class=\"icon\">\r\n          <!-- Ic\u00f4ne Check -->\r\n          <svg width=\"32\" height=\"32\" viewbox=\"0 0 24 24\" fill=\"url(#gradient)\" xmlns=\"http:\/\/www.w3.org\/2000\/svg\">\r\n            <path d=\"M9 16.2L4.8 12l-1.4 1.4L9 19 21 7l-1.4-1.4z\"\/>\r\n          <\/svg>\r\n        <\/div>\r\n        <h3>Fewer errors<\/h3>\r\n        <p>More reliable payroll calculations and schedules<\/p>\r\n      <\/div>\r\n\r\n      <div class=\"benefit-card\">\r\n        <div class=\"icon\">\r\n          <!-- Ic\u00f4ne Horloge -->\r\n          <svg width=\"32\" height=\"32\" viewbox=\"0 0 24 24\" fill=\"url(#gradient)\" xmlns=\"http:\/\/www.w3.org\/2000\/svg\">\r\n            <path d=\"M12 1a11 11 0 1 0 11 11A11.012 11.012 0 0 0 12 1Zm0 20a9 9 0 1 1 9-9 9.01 9.01 0 0 1-9 9Zm.5-9.59V7h-1v5h4v-1Z\"\/>\r\n          <\/svg>\r\n        <\/div>\r\n        <h3>Time savings<\/h3>\r\n        <p>Process automation for HR and managers<\/p>\r\n      <\/div>\r\n\r\n      <div class=\"benefit-card\">\r\n        <div class=\"icon\">\r\n          <!-- Ic\u00f4ne Balance -->\r\n          <svg width=\"32\" height=\"32\" viewbox=\"0 0 24 24\" fill=\"url(#gradient)\" xmlns=\"http:\/\/www.w3.org\/2000\/svg\">\r\n            <path d=\"M12 3a1 1 0 0 0-1 1v1H6v2h1.09l-3 6A2 2 0 0 0 6 17a2 2 0 0 0 2-2h3v4H9v2h6v-2h-2v-4h3a2 2 0 0 0 2 2 2 2 0 0 0 1.91-2.41l-3-6H19V5h-5V4a1 1 0 0 0-1-1Zm-4.38 6h8.76L18.6 13H5.4ZM8 14a.5.5 0 1 1-.5-.5.5.5 0 0 1 .5.5Zm8 0a.5.5 0 1 1-.5-.5.5.5 0 0 1 .5.5Z\"\/>\r\n          <\/svg>\r\n        <\/div>\r\n        <h3>Compliance<\/h3>\r\n        <p>Built-in controls to comply with local legislation<\/p>\r\n      <\/div>\r\n\r\n      <div class=\"benefit-card\">\r\n        <div class=\"icon\">\r\n          <!-- Ic\u00f4ne Puzzle -->\r\n          <svg width=\"32\" height=\"32\" viewbox=\"0 0 24 24\" fill=\"url(#gradient)\" xmlns=\"http:\/\/www.w3.org\/2000\/svg\">\r\n            <path d=\"M22 13v-2h-2.07a3.928 3.928 0 0 0-.93-2.07L20 7l-2-2-1.93 1.93A3.928 3.928 0 0 0 14 4.07V2h-2v2.07a3.928 3.928 0 0 0-2.07.93L7 4 5 6l1.93 1.93A3.928 3.928 0 0 0 4.07 10H2v2h2.07a3.928 3.928 0 0 0 .93 2.07L4 17l2 2 1.93-1.93A3.928 3.928 0 0 0 10 19.93V22h2v-2.07a3.928 3.928 0 0 0 2.07-.93L17 20l2-2-1.93-1.93a3.928 3.928 0 0 0 .93-2.07Z\"\/>\r\n          <\/svg>\r\n        <\/div>\r\n        <h3>Unified approach<\/h3>\r\n        <p>Centralized time, absence and payroll management<\/p>\r\n      <\/div>\r\n\r\n    <\/div>\r\n  <\/div>\r\n<\/section>\r\n\t\t\t\t<\/div>\n\t\t\t\t<\/div>\n\t\t\t\t\t<\/div>\n\t\t<\/div>\n\t\t\t\t\t<\/div>\n\t\t<\/section>\n\t\t\t\t<section class=\"elementor-section elementor-top-section elementor-element elementor-element-cd93a16 elementor-section-boxed elementor-section-height-default elementor-section-height-default\" data-id=\"cd93a16\" data-element_type=\"section\">\n\t\t\t\t\t\t<div class=\"elementor-container elementor-column-gap-default\">\n\t\t\t\t\t<div class=\"elementor-column elementor-col-100 elementor-top-column elementor-element elementor-element-1e87f3b\" data-id=\"1e87f3b\" data-element_type=\"column\">\n\t\t\t<div class=\"elementor-widget-wrap elementor-element-populated\">\n\t\t\t\t\t\t<div class=\"elementor-element elementor-element-1ceeea4 elementor-widget elementor-widget-spacer\" data-id=\"1ceeea4\" data-element_type=\"widget\" data-widget_type=\"spacer.default\">\n\t\t\t\t<div class=\"elementor-widget-container\">\n\t\t\t\t\t\t\t<div class=\"elementor-spacer\">\n\t\t\t<div class=\"elementor-spacer-inner\"><\/div>\n\t\t<\/div>\n\t\t\t\t\t\t<\/div>\n\t\t\t\t<\/div>\n\t\t\t\t\t<\/div>\n\t\t<\/div>\n\t\t\t\t\t<\/div>\n\t\t<\/section>\n\t\t\t\t<section class=\"elementor-section elementor-top-section elementor-element elementor-element-54109f0 elementor-section-content-middle elementor-section-stretched elementor-section-boxed elementor-section-height-default elementor-section-height-default\" data-id=\"54109f0\" data-element_type=\"section\" data-settings=\"{&quot;background_background&quot;:&quot;classic&quot;,&quot;stretch_section&quot;:&quot;section-stretched&quot;}\">\n\t\t\t\t\t\t\t<div class=\"elementor-background-overlay\"><\/div>\n\t\t\t\t\t\t\t<div class=\"elementor-container elementor-column-gap-default\">\n\t\t\t\t\t<div class=\"elementor-column elementor-col-100 elementor-top-column elementor-element elementor-element-db90473\" data-id=\"db90473\" data-element_type=\"column\">\n\t\t\t<div class=\"elementor-widget-wrap elementor-element-populated\">\n\t\t\t\t\t\t<div class=\"elementor-element elementor-element-733e95f elementor-invisible elementor-widget elementor-widget-heading\" data-id=\"733e95f\" data-element_type=\"widget\" data-settings=\"{&quot;_animation&quot;:&quot;fadeInDown&quot;}\" data-widget_type=\"heading.default\">\n\t\t\t\t<div class=\"elementor-widget-container\">\n\t\t\t\t\t<h2 class=\"elementor-heading-title elementor-size-default\">Find out more<\/h2>\t\t\t\t<\/div>\n\t\t\t\t<\/div>\n\t\t\t\t<div class=\"elementor-element elementor-element-1904356 elementor-invisible elementor-widget elementor-widget-heading\" data-id=\"1904356\" data-element_type=\"widget\" data-settings=\"{&quot;_animation&quot;:&quot;fadeInDown&quot;}\" data-widget_type=\"heading.default\">\n\t\t\t\t<div class=\"elementor-widget-container\">\n\t\t\t\t\t<h2 class=\"elementor-heading-title elementor-size-default\">clap partners<\/h2>\t\t\t\t<\/div>\n\t\t\t\t<\/div>\n\t\t\t\t<div class=\"elementor-element elementor-element-37e28ab elementor-widget elementor-widget-text-editor\" data-id=\"37e28ab\" data-element_type=\"widget\" data-widget_type=\"text-editor.default\">\n\t\t\t\t<div class=\"elementor-widget-container\">\n\t\t\t\t\t\t\t\t\t<p>Get in touch with our experts now!<\/p>\t\t\t\t\t\t\t\t<\/div>\n\t\t\t\t<\/div>\n\t\t\t\t<div class=\"elementor-element elementor-element-77bd3cb elementor-widget-tablet__width-initial elementor-widget elementor-widget-html\" data-id=\"77bd3cb\" data-element_type=\"widget\" data-widget_type=\"html.default\">\n\t\t\t\t<div class=\"elementor-widget-container\">\n\t\t\t\t\t<!DOCTYPE html>\r\n<html lang=\"fr\">\r\n<head>\r\n  <meta charset=\"UTF-8\">\r\n  <title>Bouton Cliquez ici <\/title>\r\n  <meta name=\"viewport\" content=\"width=device-width, initial-scale=1\">\r\n  <link rel=\"stylesheet\" href=\"style.css\">\r\n<\/head>\r\n<body>\r\n\r\n  <div class=\"button-container\">\r\n    <a href=\"https:\/\/www.clap-partners.com\/en\/formulaire-contact-clap-partners\/\"\r\n       class=\"button-pure\"\r\n       rel=\"noopener noreferrer\">\r\n     Click Here\r\n    <\/a>\r\n  <\/div>\r\n\r\n<\/body>\r\n<\/html>\r\n\r\n\t\t\t\t<\/div>\n\t\t\t\t<\/div>\n\t\t\t\t\t<\/div>\n\t\t<\/div>\n\t\t\t\t\t<\/div>\n\t\t<\/section>\n\t\t\t\t<\/div>","protected":false},"excerpt":{"rendered":"<p>Manage your teams' time efficiently and simply Time Management - SAP SuccessFactors A complete solution for managing absences, schedules and compliance What is Time Management? Time Management in SuccessFactors combines absence management (Time Off) and working time management (Time Tracking). It enables [...]<\/p>","protected":false},"author":4,"featured_media":0,"parent":0,"menu_order":0,"comment_status":"closed","ping_status":"closed","template":"","meta":{"footnotes":""},"class_list":["post-9652","page","type-page","status-publish","hentry"],"jetpack_sharing_enabled":true,"_links":{"self":[{"href":"https:\/\/www.clap-partners.com\/en\/wp-json\/wp\/v2\/pages\/9652","targetHints":{"allow":["GET"]}}],"collection":[{"href":"https:\/\/www.clap-partners.com\/en\/wp-json\/wp\/v2\/pages"}],"about":[{"href":"https:\/\/www.clap-partners.com\/en\/wp-json\/wp\/v2\/types\/page"}],"author":[{"embeddable":true,"href":"https:\/\/www.clap-partners.com\/en\/wp-json\/wp\/v2\/users\/4"}],"replies":[{"embeddable":true,"href":"https:\/\/www.clap-partners.com\/en\/wp-json\/wp\/v2\/comments?post=9652"}],"version-history":[{"count":103,"href":"https:\/\/www.clap-partners.com\/en\/wp-json\/wp\/v2\/pages\/9652\/revisions"}],"predecessor-version":[{"id":10545,"href":"https:\/\/www.clap-partners.com\/en\/wp-json\/wp\/v2\/pages\/9652\/revisions\/10545"}],"wp:attachment":[{"href":"https:\/\/www.clap-partners.com\/en\/wp-json\/wp\/v2\/media?parent=9652"}],"curies":[{"name":"wp","href":"https:\/\/api.w.org\/{rel}","templated":true}]}}